{"id":2,"date":"2026-04-28T22:03:43","date_gmt":"2026-04-28T22:03:43","guid":{"rendered":"https:\/\/cavifgs-pp.org.mx\/?page_id=2"},"modified":"2026-05-09T22:29:05","modified_gmt":"2026-05-09T22:29:05","slug":"sample-page","status":"publish","type":"page","link":"https:\/\/cavifgs-pp.org.mx\/","title":{"rendered":"Inicio"},"content":{"rendered":"&nbsp;\r\n<h3 data-path-to-node=\"4\"><b data-path-to-node=\"4\" data-index-in-node=\"0\">El Placer de Dar por el Placer de Servir<\/b><\/h3>\r\n<p data-path-to-node=\"5\">En CAVIF Gestor de Servicios AC, creemos que el valor de una comunidad se mide por la generosidad de sus integrantes. No estamos negociando ni intercambiando favores; estamos transformando vidas a trav\u00e9s del apoyo genuino y desinteresado.<\/p>\r\n<p data-path-to-node=\"6\"><b data-path-to-node=\"6\" data-index-in-node=\"0\">A nuestro equipo, socios, voluntarios y a toda la comunidad de Puerto Pe\u00f1asco:<\/b> Gracias. Sin su respaldo, nuestro crecimiento y el impacto en las familias que m\u00e1s lo necesitan no ser\u00edan posibles.<\/p>\r\n\r\n<blockquote data-path-to-node=\"7\">\r\n<p data-path-to-node=\"7,0\"><i data-path-to-node=\"7,0\" data-index-in-node=\"0\">\u00abEl servir no solo es parte del deber, sino de la felicidad.\u00bb<\/i><\/p>\r\n<\/blockquote>\r\n<p data-path-to-node=\"7,0\"><img loading=\"lazy\" decoding=\"async\" class=\"aligncenter wp-image-7 size-full\" src=\"https:\/\/cavifgs-pp.org.mx\/wp-content\/uploads\/2026\/04\/Gemini_Generated_Image_gk746pgk746pgk74-scaled.png\" alt=\"\" width=\"2560\" height=\"975\" srcset=\"https:\/\/cavifgs-pp.org.mx\/wp-content\/uploads\/2026\/04\/Gemini_Generated_Image_gk746pgk746pgk74-scaled.png 2560w, https:\/\/cavifgs-pp.org.mx\/wp-content\/uploads\/2026\/04\/Gemini_Generated_Image_gk746pgk746pgk74-300x114.png 300w, https:\/\/cavifgs-pp.org.mx\/wp-content\/uploads\/2026\/04\/Gemini_Generated_Image_gk746pgk746pgk74-1024x390.png 1024w, https:\/\/cavifgs-pp.org.mx\/wp-content\/uploads\/2026\/04\/Gemini_Generated_Image_gk746pgk746pgk74-768x293.png 768w, https:\/\/cavifgs-pp.org.mx\/wp-content\/uploads\/2026\/04\/Gemini_Generated_Image_gk746pgk746pgk74-1536x585.png 1536w, https:\/\/cavifgs-pp.org.mx\/wp-content\/uploads\/2026\/04\/Gemini_Generated_Image_gk746pgk746pgk74-2048x780.png 2048w\" sizes=\"auto, (max-width: 2560px) 100vw, 2560px\" \/><\/p>\r\n\r\n<h3><span style=\"font-weight: 400;\">Objetivo<\/span><\/h3>\r\n<span style=\"font-weight: 400;\">Brindar atenci\u00f3n integral a personas en situaci\u00f3n de vulnerabilidad mediante programas enfocados en la asistencia social, salud, educaci\u00f3n, empoderamiento femenino, inclusi\u00f3n, bienestar animal y promoci\u00f3n de los derechos humanos, con el fin de mejorar su calidad de vida y fomentar una comunidad m\u00e1s justa, solidaria e incluyente.<\/span>\r\n<h3><span style=\"font-weight: 400;\">Diagn\u00f3stico<\/span><\/h3>\r\n<span style=\"font-weight: 400;\">En nuestra comunidad persisten m\u00faltiples problem\u00e1ticas sociales que afectan de manera directa a personas en condiciones de vulnerabilidad:<\/span>\r\n<ul>\r\n \t<li><span style=\"font-weight: 400;\">Violencia familiar<\/span><\/li>\r\n \t<li><span style=\"font-weight: 400;\">Pobreza extrema y carencia de alimentos<\/span><\/li>\r\n \t<li><span style=\"font-weight: 400;\">Enfermedades cr\u00f3nicas sin acceso a tratamiento<\/span><\/li>\r\n \t<li><span style=\"font-weight: 400;\">Abandono de personas mayores y con discapacidad<\/span><\/li>\r\n \t<li><span style=\"font-weight: 400;\">Falta de inclusi\u00f3n educativa para personas con discapacidad<\/span><\/li>\r\n \t<li><span style=\"font-weight: 400;\">Desempleo femenino y falta de independencia econ\u00f3mica<\/span><\/li>\r\n \t<li><span style=\"font-weight: 400;\">Discriminaci\u00f3n hacia la comunidad LGBTQ+<\/span><\/li>\r\n \t<li><span style=\"font-weight: 400;\">Maltrato y abandono de animales<\/span><\/li>\r\n<\/ul>\r\n<span style=\"font-weight: 400;\">Estas problem\u00e1ticas se agravan debido a la falta de redes de apoyo, servicios p\u00fablicos insuficientes o inaccesibles y una escasa concientizaci\u00f3n social. La atenci\u00f3n integral y organizada es urgente para cubrir estas carencias y dignificar la vida de quienes enfrentan estas situaciones.<\/span>\r\n<h3>Justificaci\u00f3n<\/h3>\r\n<span style=\"font-weight: 400;\">CAVIF nace como una respuesta organizada y solidaria a las distintas necesidades de la poblaci\u00f3n vulnerable. Nuestra labor se sustenta en la colaboraci\u00f3n comunitaria, el voluntariado y la gesti\u00f3n de recursos para proporcionar ayuda oportuna y especializada.<\/span>\r\n\r\n&nbsp;\r\n\r\n<span style=\"font-weight: 400;\">Cada coordinaci\u00f3n dentro de CAVIF responde a un \u00e1rea espec\u00edfica de necesidad social, permitiendo un acompa\u00f1amiento completo y personalizado. A trav\u00e9s de campa\u00f1as permanentes, recolecci\u00f3n de insumos, atenci\u00f3n m\u00e9dica b\u00e1sica, orientaci\u00f3n psicol\u00f3gica y jur\u00eddica, talleres de capacitaci\u00f3n y actividades culturales, buscamos generar un impacto tangible en la vida de las personas.<\/span>\r\n\r\n&nbsp;\r\n\r\n<span style=\"font-weight: 400;\">Apoyar a CAVIF es apoyar un proyecto de transformaci\u00f3n social. Cada acci\u00f3n cuenta. Cada persona atendida representa una oportunidad de cambio. Nuestra misi\u00f3n es clara: construir una comunidad m\u00e1s emp\u00e1tica, solidaria y equitativa.<\/span>\r\n\r\n<img loading=\"lazy\" decoding=\"async\" class=\"aligncenter wp-image-120 size-medium\" src=\"https:\/\/cavifgs-pp.org.mx\/wp-content\/uploads\/2026\/05\/p1principal-225x300.jpg\" alt=\"\" width=\"225\" height=\"300\" srcset=\"https:\/\/cavifgs-pp.org.mx\/wp-content\/uploads\/2026\/05\/p1principal-225x300.jpg 225w, https:\/\/cavifgs-pp.org.mx\/wp-content\/uploads\/2026\/05\/p1principal-768x1024.jpg 768w, https:\/\/cavifgs-pp.org.mx\/wp-content\/uploads\/2026\/05\/p1principal.jpg 1080w\" sizes=\"auto, (max-width: 225px) 100vw, 225px\" \/>\r\n<h3>MISI\u00d3N<\/h3>\r\nBrindar apoyo integral a personas y familias en situaci\u00f3n de vulnerabilidad a trav\u00e9s de programas comunitarios enfocados en la salud, educaci\u00f3n, bienestar animal, justicia social y empoderamiento, promoviendo la equidad, la inclusi\u00f3n y la mejora continua de la calidad de vida.\r\n<h3>VISI\u00d3N<\/h3>\r\nSer una instituci\u00f3n reconocida por su compromiso, transparencia y efectividad en la atenci\u00f3n a v\u00edctimas de violencia y comunidades vulnerables, consolidando una red solidaria de apoyo social, legal y emocional que inspire cambios positivos y sostenibles en la sociedad.\r\n<h3>VALORES<\/h3>\r\n<ul>\r\n \t<li>Solidaridad: Nos movemos por el compromiso de ayudar a quien m\u00e1s lo necesita, sin distinci\u00f3n.<\/li>\r\n \t<li>Empat\u00eda: Escuchamos, entendemos y acompa\u00f1amos con sensibilidad y respeto.<\/li>\r\n \t<li>Equidad: Trabajamos para ofrecer igualdad de oportunidades a todas las personas.<\/li>\r\n \t<li>Compromiso: Actuamos con responsabilidad y constancia en cada una de nuestras acciones.<\/li>\r\n \t<li>Transparencia: Manejamos nuestros recursos y actividades con claridad y rendici\u00f3n de cuentas.<\/li>\r\n \t<li>Justicia: Defendemos los derechos humanos y promovemos la legalidad y la paz.<\/li>\r\n \t<li>Inclusi\u00f3n: Valoramos la diversidad y fomentamos un entorno libre de discriminaci\u00f3n.<\/li>\r\n \t<li>Respeto: Reconocemos la dignidad de cada individuo, sus derechos y su voz.<\/li>\r\n<\/ul>\r\n&nbsp;\r\n\r\n<!-- \/wp:post-content -->","protected":false},"excerpt":{"rendered":"<p>&nbsp; El Placer de Dar por el Placer de Servir En CAVIF Gestor de Servicios AC, creemos que el valor de una comunidad se mide por la generosidad de sus integrantes. No estamos negociando ni intercambiando favores; estamos transformando vidas a trav\u00e9s del apoyo genuino y desinteresado. A nuestro equipo, socios, voluntarios y a toda&hellip;&nbsp;<\/p>\n","protected":false},"author":1,"featured_media":115,"parent":0,"menu_order":0,"comment_status":"closed","ping_status":"open","template":"","meta":{"neve_meta_sidebar":"","neve_meta_container":"","neve_meta_enable_content_width":"off","neve_meta_content_width":100,"neve_meta_title_alignment":"","neve_meta_author_avatar":"","neve_post_elements_order":"","neve_meta_disable_header":"","neve_meta_disable_footer":"","neve_meta_disable_title":"","_themeisle_gutenberg_block_has_review":false,"footnotes":""},"class_list":["post-2","page","type-page","status-publish","has-post-thumbnail","hentry"],"_links":{"self":[{"href":"https:\/\/cavifgs-pp.org.mx\/index.php?rest_route=\/wp\/v2\/pages\/2","targetHints":{"allow":["GET"]}}],"collection":[{"href":"https:\/\/cavifgs-pp.org.mx\/index.php?rest_route=\/wp\/v2\/pages"}],"about":[{"href":"https:\/\/cavifgs-pp.org.mx\/index.php?rest_route=\/wp\/v2\/types\/page"}],"author":[{"embeddable":true,"href":"https:\/\/cavifgs-pp.org.mx\/index.php?rest_route=\/wp\/v2\/users\/1"}],"replies":[{"embeddable":true,"href":"https:\/\/cavifgs-pp.org.mx\/index.php?rest_route=%2Fwp%2Fv2%2Fcomments&post=2"}],"version-history":[{"count":12,"href":"https:\/\/cavifgs-pp.org.mx\/index.php?rest_route=\/wp\/v2\/pages\/2\/revisions"}],"predecessor-version":[{"id":125,"href":"https:\/\/cavifgs-pp.org.mx\/index.php?rest_route=\/wp\/v2\/pages\/2\/revisions\/125"}],"wp:featuredmedia":[{"embeddable":true,"href":"https:\/\/cavifgs-pp.org.mx\/index.php?rest_route=\/wp\/v2\/media\/115"}],"wp:attachment":[{"href":"https:\/\/cavifgs-pp.org.mx\/index.php?rest_route=%2Fwp%2Fv2%2Fmedia&parent=2"}],"curies":[{"name":"wp","href":"https:\/\/api.w.org\/{rel}","templated":true}]}}